{"id":734,"date":"2024-06-09T10:15:31","date_gmt":"2024-06-09T08:15:31","guid":{"rendered":"https:\/\/kunz-hairbeauty.de\/?page_id=734"},"modified":"2025-02-13T12:15:19","modified_gmt":"2025-02-13T11:15:19","slug":"datenschutzerklaerung","status":"publish","type":"page","link":"https:\/\/kunz-hairbeauty.de\/index.php\/datenschutzerklaerung\/","title":{"rendered":"Datenschutzerkl\u00e4rung"},"content":{"rendered":"\t\t<div data-elementor-type=\"wp-page\" data-elementor-id=\"734\" class=\"elementor elementor-734\">\n\t\t\t\t<div class=\"elementor-element elementor-element-a67d366 e-flex e-con-boxed e-con e-parent\" data-id=\"a67d366\" data-element_type=\"container\" data-settings=\"{&quot;background_background&quot;:&quot;classic&quot;,&quot;content_width&quot;:&quot;boxed&quot;}\" data-core-v316-plus=\"true\">\n\t\t\t\t\t<div class=\"e-con-inner\">\n\t\t\t\t<div class=\"elementor-element elementor-element-075dd1d elementor-widget elementor-widget-heading\" data-id=\"075dd1d\" data-element_type=\"widget\" data-widget_type=\"heading.default\">\n\t\t\t\t<div class=\"elementor-widget-container\">\n\t\t\t<style>\/*! elementor - v3.19.0 - 07-02-2024 *\/\n.elementor-heading-title{padding:0;margin:0;line-height:1}.elementor-widget-heading .elementor-heading-title[class*=elementor-size-]>a{color:inherit;font-size:inherit;line-height:inherit}.elementor-widget-heading .elementor-heading-title.elementor-size-small{font-size:15px}.elementor-widget-heading .elementor-heading-title.elementor-size-medium{font-size:19px}.elementor-widget-heading .elementor-heading-title.elementor-size-large{font-size:29px}.elementor-widget-heading .elementor-heading-title.elementor-size-xl{font-size:39px}.elementor-widget-heading .elementor-heading-title.elementor-size-xxl{font-size:59px}<\/style><h1 class=\"elementor-heading-title elementor-size-default\">Datenschutzerkl\u00e4rung<\/h1>\t\t<\/div>\n\t\t\t\t<\/div>\n\t\t\t\t\t<\/div>\n\t\t\t\t<\/div>\n\t\t<div class=\"elementor-element elementor-element-aab27c4 e-flex e-con-boxed e-con e-parent\" data-id=\"aab27c4\" data-element_type=\"container\" data-settings=\"{&quot;content_width&quot;:&quot;boxed&quot;}\" data-core-v316-plus=\"true\">\n\t\t\t\t\t<div class=\"e-con-inner\">\n\t\t\t\t<div class=\"elementor-element elementor-element-7ccab72 elementor-widget elementor-widget-text-editor\" data-id=\"7ccab72\" data-element_type=\"widget\" data-widget_type=\"text-editor.default\">\n\t\t\t\t<div class=\"elementor-widget-container\">\n\t\t\t<style>\/*! elementor - v3.19.0 - 07-02-2024 *\/\n.elementor-widget-text-editor.elementor-drop-cap-view-stacked .elementor-drop-cap{background-color:#69727d;color:#fff}.elementor-widget-text-editor.elementor-drop-cap-view-framed .elementor-drop-cap{color:#69727d;border:3px solid;background-color:transparent}.elementor-widget-text-editor:not(.elementor-drop-cap-view-default) .elementor-drop-cap{margin-top:8px}.elementor-widget-text-editor:not(.elementor-drop-cap-view-default) .elementor-drop-cap-letter{width:1em;height:1em}.elementor-widget-text-editor .elementor-drop-cap{float:left;text-align:center;line-height:1;font-size:50px}.elementor-widget-text-editor .elementor-drop-cap-letter{display:inline-block}<\/style>\t\t\t\t<p>Wir freuen uns sehr \u00fcber Ihr Interesse an unserem Friseursalon. Der Schutz Ihrer Privatsph\u00e4re ist uns sehr wichtig. Nachfolgend informieren wir Sie ausf\u00fchrlich \u00fcber den Umgang mit Ihren Daten.<\/p><p><strong>### 1. Verantwortliche Stelle<\/strong><\/p><p>Verantwortlich f\u00fcr die Datenverarbeitung auf dieser Website ist:<\/p><p>KUNZ Hairdesign &amp; Beauty <br \/>Kristina Kunz <br \/>Fahrenkamp 21, 26127 Oldenburg<br \/>Telefon: +49 157 85302575 <br \/>E-Mail: info@kunz-hairbeauty.de<\/p><p><strong>### 2. Erhebung und Speicherung personenbezogener Daten sowie Art und Zweck von deren Verwendung<\/strong><\/p><p>#### a) Beim Besuch der Website<\/p><p>Beim Aufrufen unserer Website https:\/\/kunz-hairbeauty.de werden durch den auf Ihrem Endger\u00e4t zum Einsatz kommenden Browser automatisch Informationen an den Server unserer Website gesendet. Diese Informationen werden tempor\u00e4r in einem sog. Logfile gespeichert. Folgende Informationen werden dabei ohne Ihr Zutun erfasst und bis zur automatisierten L\u00f6schung gespeichert:<\/p><p>&#8211; IP-Adresse des anfragenden Rechners,<br \/>&#8211; Datum und Uhrzeit des Zugriffs,<br \/>&#8211; Name und URL der abgerufenen Datei,<br \/>&#8211; Website, von der aus der Zugriff erfolgt (Referrer-URL),<br \/>&#8211; verwendeter Browser und ggf. das Betriebssystem Ihres Rechners sowie der Name Ihres Access-Providers.<\/p><p>Die genannten Daten werden durch uns zu folgenden Zwecken verarbeitet:<\/p><p>&#8211; Gew\u00e4hrleistung eines reibungslosen Verbindungsaufbaus der Website,<br \/>&#8211; Gew\u00e4hrleistung einer komfortablen Nutzung unserer Website,<br \/>&#8211; Auswertung der Systemsicherheit und -stabilit\u00e4t sowie<br \/>&#8211; zu weiteren administrativen Zwecken.<\/p><p>Die Rechtsgrundlage f\u00fcr die Datenverarbeitung ist Art. 6 Abs. 1 S. 1 lit. f DSGVO. Unser berechtigtes Interesse folgt aus oben aufgelisteten Zwecken zur Datenerhebung. In keinem Fall verwenden wir die erhobenen Daten zu dem Zweck, R\u00fcckschl\u00fcsse auf Ihre Person zu ziehen.<\/p><p><strong>### 3. Weitergabe von Daten<\/strong><\/p><p>Eine \u00dcbermittlung Ihrer pers\u00f6nlichen Daten an Dritte zu anderen als den im Folgenden aufgef\u00fchrten Zwecken findet nicht statt. Wir geben Ihre pers\u00f6nlichen Daten nur an Dritte weiter, wenn:<\/p><p>&#8211; Sie Ihre nach Art. 6 Abs. 1 S. 1 lit. a DSGVO ausdr\u00fcckliche Einwilligung dazu erteilt haben,<br \/>&#8211; die Weitergabe nach Art. 6 Abs. 1 S. 1 lit. f DSGVO zur Geltendmachung, Aus\u00fcbung oder Verteidigung von Rechtsanspr\u00fcchen erforderlich ist und kein Grund zur Annahme besteht, dass Sie ein \u00fcberwiegendes schutzw\u00fcrdiges Interesse an der Nichtweitergabe Ihrer Daten haben,<br \/>&#8211; f\u00fcr den Fall, dass f\u00fcr die Weitergabe nach Art. 6 Abs. 1 S. 1 lit. c DSGVO eine gesetzliche Verpflichtung besteht, sowie<br \/>&#8211; dies gesetzlich zul\u00e4ssig und nach Art. 6 Abs. 1 S. 1 lit. b DSGVO f\u00fcr die Abwicklung von Vertragsverh\u00e4ltnissen mit Ihnen erforderlich ist.<\/p><p><strong>### 4. Betroffenenrechte<\/strong><\/p><p>Sie haben das Recht:<\/p><p>&#8211; gem\u00e4\u00df Art. 15 DSGVO Auskunft \u00fcber Ihre von uns verarbeiteten personenbezogenen Daten zu verlangen. Insbesondere k\u00f6nnen Sie Auskunft \u00fcber die Verarbeitungszwecke, die Kategorie der personenbezogenen Daten, die Kategorien von Empf\u00e4ngern, gegen\u00fcber denen Ihre Daten offengelegt wurden oder werden, die geplante Speicherdauer, das Bestehen eines Rechts auf Berichtigung, L\u00f6schung, Einschr\u00e4nkung der Verarbeitung oder Widerspruch, das Bestehen eines Beschwerderechts, die Herkunft ihrer Daten, sofern diese nicht bei uns erhoben wurden, sowie \u00fcber das Bestehen einer automatisierten Entscheidungsfindung einschlie\u00dflich Profiling und ggf. aussagekr\u00e4ftigen Informationen zu deren Einzelheiten verlangen;<br \/>&#8211; gem\u00e4\u00df Art. 16 DSGVO unverz\u00fcglich die Berichtigung unrichtiger oder Vervollst\u00e4ndigung Ihrer bei uns gespeicherten personenbezogenen Daten zu verlangen;<br \/>&#8211; gem\u00e4\u00df Art. 17 DSGVO die L\u00f6schung Ihrer bei uns gespeicherten personenbezogenen Daten zu verlangen, soweit nicht die Verarbeitung zur Aus\u00fcbung des Rechts auf freie Meinungs\u00e4u\u00dferung und Information, zur Erf\u00fcllung einer rechtlichen Verpflichtung, aus Gr\u00fcnden des \u00f6ffentlichen Interesses oder zur Geltendmachung, Aus\u00fcbung oder Verteidigung von Rechtsanspr\u00fcchen erforderlich ist;<br \/>&#8211; gem\u00e4\u00df Art. 18 DSGVO die Einschr\u00e4nkung der Verarbeitung Ihrer personenbezogenen Daten zu verlangen, soweit die Richtigkeit der Daten von Ihnen bestritten wird, die Verarbeitung unrechtm\u00e4\u00dfig ist, Sie aber deren L\u00f6schung ablehnen und wir die Daten nicht mehr ben\u00f6tigen, Sie jedoch diese zur Geltendmachung, Aus\u00fcbung oder Verteidigung von Rechtsanspr\u00fcchen ben\u00f6tigen oder Sie gem\u00e4\u00df Art. 21 DSGVO Widerspruch gegen die Verarbeitung eingelegt haben;<br \/>&#8211; gem\u00e4\u00df Art. 20 DSGVO Ihre personenbezogenen Daten, die Sie uns bereitgestellt haben, in einem strukturierten, g\u00e4ngigen und maschinenlesebaren Format zu erhalten oder die \u00dcbermittlung an einen anderen Verantwortlichen zu verlangen;<br \/>&#8211; gem\u00e4\u00df Art. 7 Abs. 3 DSGVO Ihre einmal erteilte Einwilligung jederzeit gegen\u00fcber uns zu widerrufen. Dies hat zur Folge, dass wir die Datenverarbeitung, die auf dieser Einwilligung beruhte, f\u00fcr die Zukunft nicht mehr fortf\u00fchren d\u00fcrfen und<br \/>&#8211; gem\u00e4\u00df Art. 77 DSGVO sich bei einer Aufsichtsbeh\u00f6rde zu beschweren.<\/p><p><strong>### 5. Widerspruchsrecht<\/strong><\/p><p>Sofern Ihre personenbezogenen Daten auf Grundlage von berechtigten Interessen gem\u00e4\u00df Art. 6 Abs. 1 S. 1 lit. f DSGVO verarbeitet werden, haben Sie das Recht, gem\u00e4\u00df Art. 21 DSGVO Widerspruch gegen die Verarbeitung Ihrer personenbezogenen Daten einzulegen, soweit daf\u00fcr Gr\u00fcnde vorliegen, die sich aus Ihrer besonderen Situation ergeben oder sich der Widerspruch gegen Direktwerbung richtet. Im letzteren Fall haben Sie ein generelles Widerspruchsrecht, das ohne Angabe einer besonderen Situation von uns umgesetzt wird.<\/p><p>M\u00f6chten Sie von Ihrem Widerrufs- oder Widerspruchsrecht Gebrauch machen, gen\u00fcgt eine E-Mail an info@kunz-hairbeauty.de.<\/p><p><strong>### 6. Datensicherheit<\/strong><\/p><p>Wir verwenden innerhalb des Website-Besuchs das verbreitete SSL-Verfahren (Secure Socket Layer) in Verbindung mit der jeweils h\u00f6chsten Verschl\u00fcsselungsstufe, die von Ihrem Browser unterst\u00fctzt wird. In der Regel handelt es sich dabei um eine 256-Bit-Verschl\u00fcsselung. Falls Ihr Browser keine 256-Bit-Verschl\u00fcsselung unterst\u00fctzt, greifen wir stattdessen auf 128-Bit-v3-Technologie zur\u00fcck. Ob eine einzelne Seite unseres Internetauftritts verschl\u00fcsselt \u00fcbertragen wird, erkennen Sie an der geschlossenen Darstellung des Sch\u00fcssel- beziehungsweise Schloss-Symbols in der unteren Statusleiste Ihres Browsers.<\/p><p><strong>### 7. Nutzung des WhatsApp-Buttons<\/strong><\/p><p>Auf unserer Website bieten wir die M\u00f6glichkeit, \u00fcber einen WhatsApp-Button direkt mit uns in Kontakt zu treten. Dieser Service wird von der WhatsApp Ireland Limited, 4 Grand Canal Square, Grand Canal Harbour, Dublin 2, Irland (&#8222;WhatsApp&#8220;) bereitgestellt.<\/p><p>Wenn Sie den WhatsApp-Button auf unserer Website verwenden, wird eine direkte Verbindung zwischen Ihrem Browser und den Servern von WhatsApp hergestellt. Dabei werden Informationen (einschlie\u00dflich Ihrer IP-Adresse, Datum und Uhrzeit des Zugriffs sowie die von Ihnen besuchte Seite) an WhatsApp \u00fcbertragen. Wenn Sie in Ihrem WhatsApp-Konto eingeloggt sind, kann WhatsApp den Besuch unserer Website Ihrem Benutzerkonto zuordnen. Wir haben keinen Einfluss auf die Art und den Umfang der Daten, die WhatsApp hierbei erhebt und verarbeitet. Weitere Informationen hierzu finden Sie in den Datenschutzrichtlinien von WhatsApp unter: [https:\/\/www.whatsapp.com\/legal](https:\/\/www.whatsapp.com\/legal).<\/p><p>Bitte beachten Sie, dass die Kommunikation \u00fcber WhatsApp nicht vollst\u00e4ndig verschl\u00fcsselt ist und daher keine vertraulichen Informationen gesendet werden sollten.<\/p><p>Die Nutzung des WhatsApp-Buttons erfolgt auf Grundlage Ihrer freiwillig erteilten Einwilligung gem\u00e4\u00df Art. 6 Abs. 1 S. 1 lit. a DSGVO. Wenn Sie nicht m\u00f6chten, dass WhatsApp den Besuch unserer Website Ihrem Benutzerkonto zuordnet, loggen Sie sich bitte vor der Nutzung des WhatsApp-Buttons aus Ihrem WhatsApp-Benutzerkonto aus.<\/p><p><strong>###8. Matomo Analytics<\/strong><\/p><p data-start=\"53\" data-end=\"472\">Diese Website nutzt den Open-Source Webanalysedienst Matomo. Matomo verwendet Technologien, die es erm\u00f6glichen, Nutzer \u00fcber verschiedene Seiten hinweg zu erkennen und deren Verhalten zu analysieren, wie z. B. Cookies oder Device-Fingerprinting. Die von Matomo gesammelten Informationen zur Nutzung dieser Website werden auf unserem eigenen Server gespeichert, wobei die IP-Adresse vor der Speicherung anonymisiert wird.<\/p><p data-start=\"474\" data-end=\"913\">Durch Matomo k\u00f6nnen wir Daten zur Nutzung unserer Website durch Besucher erfassen und auswerten. So k\u00f6nnen wir unter anderem nachvollziehen, wann welche Seiten aufgerufen wurden und aus welcher Region die Zugriffe stammen. Zudem werden verschiedene Logdateien erfasst, wie etwa IP-Adressen, Referrer, verwendete Browser und Betriebssysteme. Wir k\u00f6nnen auch ermitteln, ob Besucher bestimmte Aktionen durchf\u00fchren, wie etwa Klicks oder K\u00e4ufe.<\/p><p data-start=\"915\" data-end=\"1477\">Die Nutzung dieses Analysetools erfolgt auf Basis von Art. 6 Abs. 1 lit. f DSGVO, da der Websitebetreiber ein berechtigtes Interesse an einer anonymisierten Analyse des Nutzerverhaltens hat, um das Webangebot und die Werbung zu optimieren. Falls eine Einwilligung eingeholt wurde, basiert die Verarbeitung auf Art. 6 Abs. 1 lit. a DSGVO und Art. 25 Abs. 1 TTDSG, wenn die Einwilligung die Speicherung von Cookies oder den Zugriff auf Ger\u00e4teinformationen (z. B. Device-Fingerprinting) im Sinne des TTDSG umfasst. Die Einwilligung kann jederzeit widerrufen werden.<\/p><p data-start=\"1479\" data-end=\"1789\" data-is-last-node=\"\">F\u00fcr die Analyse mit Matomo setzen wir IP-Anonymisierung ein, wodurch Ihre IP-Adresse vor der Analyse gek\u00fcrzt wird, sodass sie nicht mehr eindeutig zugeordnet werden kann. Wir hosten Matomo ausschlie\u00dflich auf unseren eigenen Servern, sodass alle gesammelten Daten bei uns bleiben und nicht weitergegeben werden.<\/p><p data-start=\"1479\" data-end=\"1789\" data-is-last-node=\"\"><p id=\"matomo_opted_out_intro\" style=\"display:none;\">Opt-out complete; your visits to this website will not be recorded by the Web Analytics tool. Note that if you clear your cookies, delete the opt-out cookie, or if you change computers or Web browsers, you will need to perform the opt-out procedure again.<\/p><p id=\"matomo_opted_in_intro\" >You may choose to prevent this website from aggregating and analyzing the actions you take here. Doing so will protect your privacy, but will also prevent the owner from learning from your actions and creating a better experience for you and other users.<\/p><form>\n        <input type=\"checkbox\" id=\"matomo_optout_checkbox\" checked=\"checked\"\/>\n        <label for=\"matomo_optout_checkbox\"><strong>\n        <span id=\"matomo_opted_in_label\" >You are not opted out. Uncheck this box to opt-out.<\/span>\n\t\t<span id=\"matomo_opted_out_label\" style=\"display:none;\">You are currently opted out. Check this box to opt-in.<\/span>\n        <\/strong><\/label><\/form><noscript><p><strong style=\"color: #ff0000;\">This opt out feature requires JavaScript.<\/strong><\/p><\/noscript><p id=\"matomo_outout_err_cookies\" style=\"display: none;\"><strong>The tracking opt-out feature requires cookies to be enabled.<\/strong><\/p><\/p><p data-start=\"1479\" data-end=\"1789\" data-is-last-node=\"\">\u00a0<\/p><p><strong>*Verkn\u00fcpfung zu Facebook*<\/strong><\/p><p>Unsere Website enth\u00e4lt einen Link zu unserer Facebook-Seite. Durch das Anklicken dieses Links werden Sie auf die externe Plattform Facebook weitergeleitet, die von Meta Platforms Inc., 1601 Willow Road, Menlo Park, CA 94025, USA, betrieben wird. Bitte beachten Sie, dass wir keinen Einfluss auf die Verarbeitung Ihrer Daten durch Facebook haben. Informationen zur Datenverarbeitung und Ihren Rechten entnehmen Sie bitte der Datenschutzrichtlinie von Facebook unter [https:\/\/www.facebook.com\/privacy\/explanation](https:\/\/www.facebook.com\/privacy\/explanation). Die Nutzung der Verlinkung erfolgt freiwillig und unterliegt den Nutzungsbedingungen von Facebook.<\/p><p><strong>*Verkn\u00fcpfung zu Instagram*<\/strong><\/p><p>Unsere Website enth\u00e4lt einen Link zu unserer Instagram-Seite. Durch das Anklicken dieses Links werden Sie auf die externe Plattform Instagram weitergeleitet, die von Meta Platforms Inc., 1601 Willow Road, Menlo Park, CA 94025, USA, betrieben wird. Bitte beachten Sie, dass wir keinen Einfluss auf die Verarbeitung Ihrer Daten durch Instagram haben. Weitere Informationen zur Datenverarbeitung und Ihren Rechten finden Sie in der Datenschutzrichtlinie von Instagram unter [https:\/\/privacycenter.instagram.com\/policy](https:\/\/privacycenter.instagram.com\/policy). Die Nutzung der Verlinkung erfolgt freiwillig und unterliegt den Nutzungsbedingungen von Instagram.<\/p><p><strong>### 9. Aktualit\u00e4t und \u00c4nderung dieser Datenschutzerkl\u00e4rung<\/strong><\/p><p>Diese Datenschutzerkl\u00e4rung ist aktuell g\u00fcltig und hat den Stand Februar 2025.<\/p><p>Durch die Weiterentwicklung unserer Website und Angebote dar\u00fcber oder aufgrund ge\u00e4nderter gesetzlicher beziehungsweise beh\u00f6rdlicher Vorgaben kann es notwendig werden, diese Datenschutzerkl\u00e4rung zu \u00e4ndern. Die jeweils aktuelle Datenschutzerkl\u00e4rung kann jederzeit auf der Website unter https:\/\/kunz-hairbeauty.de von Ihnen abgerufen und ausgedruckt werden.<\/p>\t\t\t\t\t\t<\/div>\n\t\t\t\t<\/div>\n\t\t\t\t\t<\/div>\n\t\t\t\t<\/div>\n\t\t\t\t<\/div>\n\t\t","protected":false},"excerpt":{"rendered":"<p>Datenschutzerkl\u00e4rung Wir freuen uns sehr \u00fcber Ihr Interesse an unserem Friseursalon. Der Schutz Ihrer Privatsph\u00e4re ist uns sehr wichtig. Nachfolgend informieren wir Sie ausf\u00fchrlich \u00fcber den Umgang mit Ihren Daten. ### 1. Verantwortliche Stelle Verantwortlich f\u00fcr die Datenverarbeitung auf dieser Website ist: KUNZ Hairdesign &amp; Beauty Kristina Kunz Fahrenkamp 21, 26127 OldenburgTelefon: +49 157 85302575 [&hellip;]<\/p>\n","protected":false},"author":1,"featured_media":0,"parent":0,"menu_order":0,"comment_status":"closed","ping_status":"closed","template":"","meta":{"footnotes":""},"_links":{"self":[{"href":"https:\/\/kunz-hairbeauty.de\/index.php\/wp-json\/wp\/v2\/pages\/734"}],"collection":[{"href":"https:\/\/kunz-hairbeauty.de\/index.php\/wp-json\/wp\/v2\/pages"}],"about":[{"href":"https:\/\/kunz-hairbeauty.de\/index.php\/wp-json\/wp\/v2\/types\/page"}],"author":[{"embeddable":true,"href":"https:\/\/kunz-hairbeauty.de\/index.php\/wp-json\/wp\/v2\/users\/1"}],"replies":[{"embeddable":true,"href":"https:\/\/kunz-hairbeauty.de\/index.php\/wp-json\/wp\/v2\/comments?post=734"}],"version-history":[{"count":40,"href":"https:\/\/kunz-hairbeauty.de\/index.php\/wp-json\/wp\/v2\/pages\/734\/revisions"}],"predecessor-version":[{"id":993,"href":"https:\/\/kunz-hairbeauty.de\/index.php\/wp-json\/wp\/v2\/pages\/734\/revisions\/993"}],"wp:attachment":[{"href":"https:\/\/kunz-hairbeauty.de\/index.php\/wp-json\/wp\/v2\/media?parent=734"}],"curies":[{"name":"wp","href":"https:\/\/api.w.org\/{rel}","templated":true}]}}