{"id":841,"date":"2024-09-07T08:50:09","date_gmt":"2024-09-07T06:50:09","guid":{"rendered":"https:\/\/kunz-hairbeauty.de\/?page_id=841"},"modified":"2024-09-07T09:00:09","modified_gmt":"2024-09-07T07:00:09","slug":"datenschutzerklaerung-copy","status":"publish","type":"page","link":"https:\/\/kunz-hairbeauty.de\/index.php\/datenschutzerklaerung-copy\/","title":{"rendered":"Allgemeine Gesch\u00e4ftsbedingungen (AGB)"},"content":{"rendered":"\t\t<div data-elementor-type=\"wp-page\" data-elementor-id=\"841\" class=\"elementor elementor-841\">\n\t\t\t\t<div class=\"elementor-element elementor-element-a67d366 e-flex e-con-boxed e-con e-parent\" data-id=\"a67d366\" data-element_type=\"container\" data-settings=\"{&quot;background_background&quot;:&quot;classic&quot;,&quot;content_width&quot;:&quot;boxed&quot;}\" data-core-v316-plus=\"true\">\n\t\t\t\t\t<div class=\"e-con-inner\">\n\t\t\t\t<div class=\"elementor-element elementor-element-075dd1d elementor-widget elementor-widget-heading\" data-id=\"075dd1d\" data-element_type=\"widget\" data-widget_type=\"heading.default\">\n\t\t\t\t<div class=\"elementor-widget-container\">\n\t\t\t<style>\/*! elementor - v3.19.0 - 07-02-2024 *\/\n.elementor-heading-title{padding:0;margin:0;line-height:1}.elementor-widget-heading .elementor-heading-title[class*=elementor-size-]>a{color:inherit;font-size:inherit;line-height:inherit}.elementor-widget-heading .elementor-heading-title.elementor-size-small{font-size:15px}.elementor-widget-heading .elementor-heading-title.elementor-size-medium{font-size:19px}.elementor-widget-heading .elementor-heading-title.elementor-size-large{font-size:29px}.elementor-widget-heading .elementor-heading-title.elementor-size-xl{font-size:39px}.elementor-widget-heading .elementor-heading-title.elementor-size-xxl{font-size:59px}<\/style><h1 class=\"elementor-heading-title elementor-size-default\">Allgemeine Gesch\u00e4ftsbedingungen (AGB)<\/h1>\t\t<\/div>\n\t\t\t\t<\/div>\n\t\t\t\t\t<\/div>\n\t\t\t\t<\/div>\n\t\t<div class=\"elementor-element elementor-element-3d46f44 e-flex e-con-boxed e-con e-parent\" data-id=\"3d46f44\" data-element_type=\"container\" data-settings=\"{&quot;content_width&quot;:&quot;boxed&quot;}\" data-core-v316-plus=\"true\">\n\t\t\t\t\t<div class=\"e-con-inner\">\n\t\t\t\t<div class=\"elementor-element elementor-element-96cfc71 elementor-widget elementor-widget-text-editor\" data-id=\"96cfc71\" data-element_type=\"widget\" data-widget_type=\"text-editor.default\">\n\t\t\t\t<div class=\"elementor-widget-container\">\n\t\t\t<style>\/*! elementor - v3.19.0 - 07-02-2024 *\/\n.elementor-widget-text-editor.elementor-drop-cap-view-stacked .elementor-drop-cap{background-color:#69727d;color:#fff}.elementor-widget-text-editor.elementor-drop-cap-view-framed .elementor-drop-cap{color:#69727d;border:3px solid;background-color:transparent}.elementor-widget-text-editor:not(.elementor-drop-cap-view-default) .elementor-drop-cap{margin-top:8px}.elementor-widget-text-editor:not(.elementor-drop-cap-view-default) .elementor-drop-cap-letter{width:1em;height:1em}.elementor-widget-text-editor .elementor-drop-cap{float:left;text-align:center;line-height:1;font-size:50px}.elementor-widget-text-editor .elementor-drop-cap-letter{display:inline-block}<\/style>\t\t\t\t<p><strong><span style=\"text-align: var(--text-align); font-size: 1rem;\">### \u00a7 1 Geltungsbereich<\/span><\/strong><\/p><p>\u00a0<\/p><p>Die nachfolgenden Allgemeinen Gesch\u00e4ftsbedingungen (AGB) gelten f\u00fcr alle Gesch\u00e4ftsbeziehungen zwischen dem Kunden und der Friseurin Kristina Kunz, Fahrenkamp 21, 26127 Oldenburg. Diese AGB gelten f\u00fcr alle Dienstleistungen im Zusammenhang mit Friseur- und Kosmetikleistungen, einschlie\u00dflich der Nutzung von haar- und hautkosmetischen Produkten, Nebensortimenten und friseurtechnischen Artikeln, sofern nicht zwingende gesetzliche Bestimmungen entgegenstehen. Abweichende, entgegenstehende oder erg\u00e4nzende Allgemeine Gesch\u00e4ftsbedingungen werden nur dann Vertragsbestandteil, wenn ihrer Geltung ausdr\u00fccklich schriftlich zugestimmt wurde.<\/p><p>\u00a0<\/p><p><strong>### \u00a7 2 Termine und Annahmeverzug<\/strong><\/p><p>\u00a0<\/p><p>Der Friseursalon Kunz arbeitet \u00fcberwiegend auf Terminbasis. Termine werden dem Kunden auf Grundlage der gew\u00fcnschten Dienstleistungen angeboten und mit Datum, Uhrzeit und Inhalt fest reserviert. Dies kann pers\u00f6nlich, telefonisch (+49 157 85302575) oder \u00fcber den entsprechenden WhatsApp-Button auf der Homepage kunz-hairbeauty.de erfolgen. Mit der Terminbest\u00e4tigung kommt ein Dienstleistungsvertrag zwischen dem Kunden und der Friseurin Kristina Kunz zustande.<\/p><p>\u00a0<\/p><p>F\u00fcr bestimmte Dienstleistungen (z. B. Hochzeitsfrisuren, Balayage) kann eine Vorabzahlung verlangt werden, die dem Kunden bei der Terminabsprache mitgeteilt wird. Diese Termine bleiben bis zur vollst\u00e4ndigen Zahlung unverbindlich und k\u00f6nnen von der Friseurin Kristina Kunz storniert werden. Termine, f\u00fcr die noch keine Zahlung erfolgt ist, k\u00f6nnen bis 24 Stunden im Voraus pers\u00f6nlich oder telefonisch verschoben werden.<\/p><p>\u00a0<\/p><p><strong>### \u00a7 3 Online-Termine<\/strong><\/p><p>\u00a0<\/p><p>Der Kunde sichert zu, dass die von ihm angegebenen Kontaktdaten zutreffend und vollst\u00e4ndig sind. Die Nutzung von Pseudonymen ist unzul\u00e4ssig. Friseurin Kristina Kunz ist berechtigt, die Kontaktdaten zu \u00fcberpr\u00fcfen. Der Kunde versichert, dass seine Terminanfrage ernsthaft ist und er die Dienstleistungen zum gebuchten Termin in Anspruch nehmen m\u00f6chte. Scherzanfragen oder Terminanfragen ohne Rechtsbindungswillen werden rechtlich verfolgt.<\/p><p>\u00a0<\/p><p><strong>### \u00a7 4 Terminabsagen und Stornobedingungen<\/strong><\/p><p>\u00a0<\/p><p>Termine oder Dienstleistungen, deren Wert bis zu 150 Euro betr\u00e4gt, m\u00fcssen mindestens 24 Stunden im Voraus abgesagt werden. F\u00fcr Dienstleistungen ab einem Wert von 150 Euro gilt eine Stornofrist von 48 Stunden. Bei Nichteinhaltung der genannten Fristen wird eine Stornopauschale in H\u00f6he von 50% des Dienstleistungspreises in Rechnung gestellt. Bei unentschuldigtem Nichterscheinen wird die volle Geb\u00fchr f\u00e4llig, bzw. ein Gutschein verf\u00e4llt, sofern nichts anderes vereinbart wurde.<\/p><p>\u00a0<\/p><p><strong>### \u00a7 5 Preise und Zahlung<\/strong><\/p><p>\u00a0<\/p><p>Es gelten die in der aktuellen Preisliste angegebenen Preise, inklusive der jeweils g\u00fcltigen gesetzlichen Mehrwertsteuer. Rechnungsbetr\u00e4ge sind unmittelbar nach Erbringung der Leistung in bar, per EC-Cash oder mittels Gutschein zu begleichen.<\/p><p>\u00a0<\/p><p><strong>### \u00a7 6 Verzug<\/strong><\/p><p>\u00a0<\/p><p>Der Kunde ger\u00e4t sp\u00e4testens in Verzug, wenn er nicht unverz\u00fcglich nach Leistungserf\u00fcllung zahlt. F\u00fcr vom Kunden verschuldete R\u00fcckbuchungen von EC-\/Girocard- oder Kreditkartenzahlungen werden die entstandenen Geb\u00fchren weiterberechnet. Dem Kunden bleibt der Nachweis eines geringeren Schadens vorbehalten. Es gilt die gesetzliche Regelung des \u00a7 280 Abs. 1 BGB.<\/p><p>\u00a0<\/p><p><strong>### \u00a7 7 Haftung<\/strong><\/p><p>\u00a0<\/p><p>Friseurin Kristina Kunz \u00fcbernimmt keine Haftung f\u00fcr Garderobe, Taschen, Schmuck, Gep\u00e4ckst\u00fccke und Wertgegenst\u00e4nde. Schmuck sollte vor Behandlungsbeginn abgelegt werden. F\u00fcr Sch\u00e4den an Kleidung\/Schmuck durch Eigenverschulden, wird keine Haftung \u00fcbernommen. Gleiches gilt f\u00fcr vom Kunden ausdr\u00fccklich gew\u00fcnschte chemische, thermische oder kosmetische Behandlungen. Bei h\u00f6herer Gewalt, z.B. Stromausfall, wird keine Haftung \u00fcbernommen. Ein Anspruch auf Schadensersatz besteht nicht.<\/p><p>\u00a0<\/p><p><strong>### \u00a7 8 Preisabweichungen<\/strong><\/p><p>\u00a0<\/p><p>Die angegebenen Preise sind Mindestpreise. Mehraufwand oder zus\u00e4tzliche Dienstleistungen f\u00fchren zu Preis\u00e4nderungen. Der zu zahlende Betrag ist sofort nach Leistungserbringung in bar, per EC-Cash oder mit einem Gutschein zu begleichen. R\u00fccklastschriftkosten bei EC-Zahlungen tr\u00e4gt der Kunde.<\/p><p>\u00a0<\/p><p><strong>### \u00a7 9 Gutscheine<\/strong><\/p><p>\u00a0<\/p><p>*Gutscheine\/Geschenk-Gutscheine:* Gutscheine k\u00f6nnen im Salon gegen Barzahlung oder EC-Cash erworben werden. Einmal gekaufte Gutscheine sind nicht in bar oder per EC-Cash auszahlbar.<\/p><p>*Werbe- und Aktionsgutscheine\/Rabatte:* Verg\u00fcnstigungen in Form von Rabatten oder Werbe-\/Aktionsgutscheinen sind in der Regel an bestimmte Bedingungen oder Fristen gebunden. Die Gew\u00e4hrung dieser Gutscheine bleibt der Friseurin Kristina Kunz vorbehalten.<\/p><p>\u00a0<\/p><p><strong>### \u00a7 10 Eigentumsvorbehalt<\/strong><\/p><p>\u00a0<\/p><p>Alle Leistungen bleiben bis zur vollst\u00e4ndigen Bezahlung Eigentum von Friseurin Kristina Kunz.<\/p><p>\u00a0<\/p><p><strong>### \u00a7 11 Datenschutz, Verwendung personenbezogener Daten<\/strong><\/p><p>\u00a0<\/p><p>Der Kunde stimmt der Erhebung, Verarbeitung und Nutzung seiner personenbezogenen Daten durch Friseurin Kristina Kunz zu. Diese Einwilligung kann jederzeit widerrufen werden. In diesem Fall verpflichtet sich Friseurin Kristina Kunz zur sofortigen L\u00f6schung der pers\u00f6nlichen Daten, sofern der Vorgang vollst\u00e4ndig abgewickelt ist.<\/p><p>\u00a0<\/p><p><strong>### \u00a7 12 Gerichtsstand und anwendbares Recht<\/strong><\/p><p>\u00a0<\/p><p>Gerichtsstand ist Oldenburg. Es gilt deutsches Recht.<\/p><p>\u00a0<\/p><p><strong>### \u00a7 13 Besch\u00e4digung und Diebstahl<\/strong><\/p><p>\u00a0<\/p><p>Friseurin Kristina Kunz ist berechtigt, f\u00fcr alle vom Kunden verursachten Sch\u00e4den Wiedergutmachung zu fordern. Ladendiebst\u00e4hle werden zur Anzeige gebracht.<\/p><p>\u00a0<\/p><p><strong>### \u00a7 14 Verhalten im Salon<\/strong><\/p><p>\u00a0<\/p><p>Der Kunde verpflichtet sich, w\u00e4hrend des Salonbesuchs ein angemessenes Verhalten zu zeigen. Bei unangemessenem Verhalten, auch nach Verwarnung, kann der Kunde des Salons verwiesen und ein Hausverbot ausgesprochen werden.<\/p><p>\u00a0<\/p><p><strong>### \u00a7 15 Bildaufnahmen<\/strong><\/p><p>\u00a0<\/p><p>Bildbeispiele im Salon oder auf der Homepage sind nur als Inspiration gedacht. Abweichungen bei der Nachgestaltung sind m\u00f6glich. Das Urheberrecht f\u00fcr das Design verbleibt bei Friseurin Kristina Kunz. Kommerzielle Verwendungen von Fotografien des erstellten Designs durch den Kunden bed\u00fcrfen einer schriftlichen Einwilligung. Bei Unterlassen beh\u00e4lt sich Friseurin Kristina Kunz entsprechende Anspr\u00fcche vor.<\/p><p>\u00a0<\/p><p><strong>### \u00a7 16 Gew\u00e4hrleistung<\/strong><\/p><p>\u00a0<\/p><p>M\u00e4ngel sind unverz\u00fcglich, sp\u00e4testens jedoch innerhalb von 2 Werktagen nach Erbringung der Dienstleistung oder Kauf, anzuzeigen. Friseurin Kristina Kunz hat das Recht zur Nachbesserung. Die Entscheidung \u00fcber Nachbesserung oder Erstattung liegt bei Friseurin Kristina Kunz. Lehnen Kunden das Nachbesserungsangebot ab, entfallen weitere Anspr\u00fcche.<\/p><p>\u00a0<\/p><p><strong>### \u00a7 17 Minderj\u00e4hrige Kunden<\/strong><\/p><p>\u00a0<\/p><p>Personen unter 16 Jahren erhalten keine oxidative Haarfarbe.<\/p><p>\u00a0<\/p><p><strong>### \u00a7 18 \u00c4nderung der AGB<\/strong><\/p><p>\u00a0<\/p><p>Friseurin Kristina Kunz beh\u00e4lt sich vor, diese AGB jederzeit zu \u00e4ndern. Es gilt der jeweils aktuelle Text auf der Webseite https:\/\/kunz-hairbeauty.de\/.<\/p><p>\u00a0<\/p><p><strong>### \u00a7 19 Schlussklausel<\/strong><\/p><p>\u00a0<\/p><p>Sollten einzelne Bestimmungen dieser AGB unwirksam sein, bleiben die \u00fcbrigen Bestimmungen davon unber\u00fchrt. Anstelle der unwirksamen Bestimmung gilt eine dem Zweck der Vereinbarung entsprechende Ersatzbestimmung.<\/p><p>\u00a0<\/p><p><strong>Stand: September 2024<\/strong><\/p>\t\t\t\t\t\t<\/div>\n\t\t\t\t<\/div>\n\t\t\t\t\t<\/div>\n\t\t\t\t<\/div>\n\t\t\t\t<\/div>\n\t\t","protected":false},"excerpt":{"rendered":"<p>Allgemeine Gesch\u00e4ftsbedingungen (AGB) ### \u00a7 1 Geltungsbereich \u00a0 Die nachfolgenden Allgemeinen Gesch\u00e4ftsbedingungen (AGB) gelten f\u00fcr alle Gesch\u00e4ftsbeziehungen zwischen dem Kunden und der Friseurin Kristina Kunz, Fahrenkamp 21, 26127 Oldenburg. Diese AGB gelten f\u00fcr alle Dienstleistungen im Zusammenhang mit Friseur- und Kosmetikleistungen, einschlie\u00dflich der Nutzung von haar- und hautkosmetischen Produkten, Nebensortimenten und friseurtechnischen Artikeln, sofern nicht [&hellip;]<\/p>\n","protected":false},"author":1,"featured_media":0,"parent":0,"menu_order":0,"comment_status":"closed","ping_status":"closed","template":"","meta":{"footnotes":""},"_links":{"self":[{"href":"https:\/\/kunz-hairbeauty.de\/index.php\/wp-json\/wp\/v2\/pages\/841"}],"collection":[{"href":"https:\/\/kunz-hairbeauty.de\/index.php\/wp-json\/wp\/v2\/pages"}],"about":[{"href":"https:\/\/kunz-hairbeauty.de\/index.php\/wp-json\/wp\/v2\/types\/page"}],"author":[{"embeddable":true,"href":"https:\/\/kunz-hairbeauty.de\/index.php\/wp-json\/wp\/v2\/users\/1"}],"replies":[{"embeddable":true,"href":"https:\/\/kunz-hairbeauty.de\/index.php\/wp-json\/wp\/v2\/comments?post=841"}],"version-history":[{"count":13,"href":"https:\/\/kunz-hairbeauty.de\/index.php\/wp-json\/wp\/v2\/pages\/841\/revisions"}],"predecessor-version":[{"id":861,"href":"https:\/\/kunz-hairbeauty.de\/index.php\/wp-json\/wp\/v2\/pages\/841\/revisions\/861"}],"wp:attachment":[{"href":"https:\/\/kunz-hairbeauty.de\/index.php\/wp-json\/wp\/v2\/media?parent=841"}],"curies":[{"name":"wp","href":"https:\/\/api.w.org\/{rel}","templated":true}]}}